{"id":1381,"date":"2018-09-23T09:39:47","date_gmt":"2018-09-23T09:39:47","guid":{"rendered":"http:\/\/holzskulptur.net\/?page_id=1381"},"modified":"2018-09-23T09:47:22","modified_gmt":"2018-09-23T09:47:22","slug":"kontakt","status":"publish","type":"page","link":"https:\/\/holzskulptur.net\/?page_id=1381","title":{"rendered":"Kontakt"},"content":{"rendered":"<p>Meine Kunstwerke sind k\u00e4uflich zu erwerben. Preise und Verf\u00fcgbarkeit k\u00f6nnen Sie gerne per Email oder Telefon anfragen.<\/p>\n<ul>\n<li>Waltraud Schroll<\/li>\n<li>Krummewiese 3<\/li>\n<li>58091 Hagen<\/li>\n<li>02337 8446<\/li>\n<li>w@waltraudschroll.com<\/li>\n<\/ul>\n","protected":false},"excerpt":{"rendered":"<p>Meine Kunstwerke sind k\u00e4uflich zu erwerben. Preise und Verf\u00fcgbarkeit k\u00f6nnen Sie gerne per Email oder Telefon anfragen. Waltraud Schroll Krummewiese 3 58091 Hagen 02337 8446 w@waltraudschroll.com<\/p>\n","protected":false},"author":1,"featured_media":202,"parent":0,"menu_order":0,"comment_status":"closed","ping_status":"closed","template":"page-templates\/template-featured-image.php","meta":{"_genesis_hide_title":false,"_genesis_hide_breadcrumbs":false,"_genesis_hide_singular_image":false,"_genesis_hide_footer_widgets":false,"_genesis_custom_body_class":"","_genesis_custom_post_class":"","_genesis_layout":"","ngg_post_thumbnail":0,"footnotes":""},"class_list":{"0":"post-1381","1":"page","2":"type-page","3":"status-publish","4":"has-post-thumbnail","6":"entry"},"yoast_head":"<!-- This site is optimized with the Yoast SEO plugin v26.6 - https:\/\/yoast.com\/wordpress\/plugins\/seo\/ -->\n<title>Kontakt &#8211; Holzskulpturen von Waltraud Schroll<\/title>\n<meta name=\"description\" content=\"Waltraud Schroll erstellt Holzskulpturen aus heimschen H\u00f6lzern wie Eiche, Buche und auch Obsth\u00f6lzern. Ihre Motive sind Paare, Pflanzen und Figuren, abstrakte Skulpturen und Engel.\" \/>\n<meta name=\"robots\" content=\"index, follow, max-snippet:-1, max-image-preview:large, max-video-preview:-1\" \/>\n<link rel=\"canonical\" href=\"https:\/\/holzskulptur.net\/?page_id=1381\" \/>\n<meta property=\"og:locale\" content=\"de_DE\" \/>\n<meta property=\"og:type\" content=\"article\" \/>\n<meta property=\"og:title\" content=\"Kontakt &#8211; Holzskulpturen von Waltraud Schroll\" \/>\n<meta property=\"og:description\" content=\"Waltraud Schroll erstellt Holzskulpturen aus heimschen H\u00f6lzern wie Eiche, Buche und auch Obsth\u00f6lzern. Ihre Motive sind Paare, Pflanzen und Figuren, abstrakte Skulpturen und Engel.\" \/>\n<meta property=\"og:url\" content=\"https:\/\/holzskulptur.net\/?page_id=1381\" \/>\n<meta property=\"og:site_name\" content=\"Holzskulpturen von Waltraud Schroll\" \/>\n<meta property=\"article:modified_time\" content=\"2018-09-23T09:47:22+00:00\" \/>\n<meta property=\"og:image\" content=\"http:\/\/holzskulptur.net\/wp-content\/uploads\/2018\/09\/w_06.jpg\" \/>\n\t<meta property=\"og:image:width\" content=\"2200\" \/>\n\t<meta property=\"og:image:height\" content=\"820\" \/>\n\t<meta property=\"og:image:type\" content=\"image\/jpeg\" \/>\n<meta name=\"twitter:card\" content=\"summary_large_image\" \/>\n<script type=\"application\/ld+json\" class=\"yoast-schema-graph\">{\"@context\":\"https:\/\/schema.org\",\"@graph\":[{\"@type\":\"WebPage\",\"@id\":\"https:\/\/holzskulptur.net\/?page_id=1381\",\"url\":\"https:\/\/holzskulptur.net\/?page_id=1381\",\"name\":\"Kontakt &#8211; Holzskulpturen von Waltraud Schroll\",\"isPartOf\":{\"@id\":\"https:\/\/holzskulptur.net\/#website\"},\"primaryImageOfPage\":{\"@id\":\"https:\/\/holzskulptur.net\/?page_id=1381#primaryimage\"},\"image\":{\"@id\":\"https:\/\/holzskulptur.net\/?page_id=1381#primaryimage\"},\"thumbnailUrl\":\"https:\/\/holzskulptur.net\/wp-content\/uploads\/2018\/09\/w_06.jpg\",\"datePublished\":\"2018-09-23T09:39:47+00:00\",\"dateModified\":\"2018-09-23T09:47:22+00:00\",\"description\":\"Waltraud Schroll erstellt Holzskulpturen aus heimschen H\u00f6lzern wie Eiche, Buche und auch Obsth\u00f6lzern. Ihre Motive sind Paare, Pflanzen und Figuren, abstrakte Skulpturen und Engel.\",\"breadcrumb\":{\"@id\":\"https:\/\/holzskulptur.net\/?page_id=1381#breadcrumb\"},\"inLanguage\":\"de\",\"potentialAction\":[{\"@type\":\"ReadAction\",\"target\":[\"https:\/\/holzskulptur.net\/?page_id=1381\"]}]},{\"@type\":\"ImageObject\",\"inLanguage\":\"de\",\"@id\":\"https:\/\/holzskulptur.net\/?page_id=1381#primaryimage\",\"url\":\"https:\/\/holzskulptur.net\/wp-content\/uploads\/2018\/09\/w_06.jpg\",\"contentUrl\":\"https:\/\/holzskulptur.net\/wp-content\/uploads\/2018\/09\/w_06.jpg\",\"width\":2200,\"height\":820},{\"@type\":\"BreadcrumbList\",\"@id\":\"https:\/\/holzskulptur.net\/?page_id=1381#breadcrumb\",\"itemListElement\":[{\"@type\":\"ListItem\",\"position\":1,\"name\":\"Startseite\",\"item\":\"https:\/\/holzskulptur.net\/\"},{\"@type\":\"ListItem\",\"position\":2,\"name\":\"Kontakt\"}]},{\"@type\":\"WebSite\",\"@id\":\"https:\/\/holzskulptur.net\/#website\",\"url\":\"https:\/\/holzskulptur.net\/\",\"name\":\"Holzskulpturen von Waltraud Schroll\",\"description\":\"Holzskulpturen \",\"publisher\":{\"@id\":\"https:\/\/holzskulptur.net\/#\/schema\/person\/bed0e024005037ac4a46115e95fc22e0\"},\"potentialAction\":[{\"@type\":\"SearchAction\",\"target\":{\"@type\":\"EntryPoint\",\"urlTemplate\":\"https:\/\/holzskulptur.net\/?s={search_term_string}\"},\"query-input\":{\"@type\":\"PropertyValueSpecification\",\"valueRequired\":true,\"valueName\":\"search_term_string\"}}],\"inLanguage\":\"de\"},{\"@type\":[\"Person\",\"Organization\"],\"@id\":\"https:\/\/holzskulptur.net\/#\/schema\/person\/bed0e024005037ac4a46115e95fc22e0\",\"name\":\"waltraud\",\"image\":{\"@type\":\"ImageObject\",\"inLanguage\":\"de\",\"@id\":\"https:\/\/holzskulptur.net\/#\/schema\/person\/image\/\",\"url\":\"https:\/\/secure.gravatar.com\/avatar\/cad87b288d4598c3ae43bdb381be610b2810f3ccb32736a6b9f22de10ae6384a?s=96&d=mm&r=g\",\"contentUrl\":\"https:\/\/secure.gravatar.com\/avatar\/cad87b288d4598c3ae43bdb381be610b2810f3ccb32736a6b9f22de10ae6384a?s=96&d=mm&r=g\",\"caption\":\"waltraud\"},\"logo\":{\"@id\":\"https:\/\/holzskulptur.net\/#\/schema\/person\/image\/\"}}]}<\/script>\n<!-- \/ Yoast SEO plugin. -->","yoast_head_json":{"title":"Kontakt &#8211; Holzskulpturen von Waltraud Schroll","description":"Waltraud Schroll erstellt Holzskulpturen aus heimschen H\u00f6lzern wie Eiche, Buche und auch Obsth\u00f6lzern. Ihre Motive sind Paare, Pflanzen und Figuren, abstrakte Skulpturen und Engel.","robots":{"index":"index","follow":"follow","max-snippet":"max-snippet:-1","max-image-preview":"max-image-preview:large","max-video-preview":"max-video-preview:-1"},"canonical":"https:\/\/holzskulptur.net\/?page_id=1381","og_locale":"de_DE","og_type":"article","og_title":"Kontakt &#8211; Holzskulpturen von Waltraud Schroll","og_description":"Waltraud Schroll erstellt Holzskulpturen aus heimschen H\u00f6lzern wie Eiche, Buche und auch Obsth\u00f6lzern. Ihre Motive sind Paare, Pflanzen und Figuren, abstrakte Skulpturen und Engel.","og_url":"https:\/\/holzskulptur.net\/?page_id=1381","og_site_name":"Holzskulpturen von Waltraud Schroll","article_modified_time":"2018-09-23T09:47:22+00:00","og_image":[{"width":2200,"height":820,"url":"http:\/\/holzskulptur.net\/wp-content\/uploads\/2018\/09\/w_06.jpg","type":"image\/jpeg"}],"twitter_card":"summary_large_image","schema":{"@context":"https:\/\/schema.org","@graph":[{"@type":"WebPage","@id":"https:\/\/holzskulptur.net\/?page_id=1381","url":"https:\/\/holzskulptur.net\/?page_id=1381","name":"Kontakt &#8211; Holzskulpturen von Waltraud Schroll","isPartOf":{"@id":"https:\/\/holzskulptur.net\/#website"},"primaryImageOfPage":{"@id":"https:\/\/holzskulptur.net\/?page_id=1381#primaryimage"},"image":{"@id":"https:\/\/holzskulptur.net\/?page_id=1381#primaryimage"},"thumbnailUrl":"https:\/\/holzskulptur.net\/wp-content\/uploads\/2018\/09\/w_06.jpg","datePublished":"2018-09-23T09:39:47+00:00","dateModified":"2018-09-23T09:47:22+00:00","description":"Waltraud Schroll erstellt Holzskulpturen aus heimschen H\u00f6lzern wie Eiche, Buche und auch Obsth\u00f6lzern. Ihre Motive sind Paare, Pflanzen und Figuren, abstrakte Skulpturen und Engel.","breadcrumb":{"@id":"https:\/\/holzskulptur.net\/?page_id=1381#breadcrumb"},"inLanguage":"de","potentialAction":[{"@type":"ReadAction","target":["https:\/\/holzskulptur.net\/?page_id=1381"]}]},{"@type":"ImageObject","inLanguage":"de","@id":"https:\/\/holzskulptur.net\/?page_id=1381#primaryimage","url":"https:\/\/holzskulptur.net\/wp-content\/uploads\/2018\/09\/w_06.jpg","contentUrl":"https:\/\/holzskulptur.net\/wp-content\/uploads\/2018\/09\/w_06.jpg","width":2200,"height":820},{"@type":"BreadcrumbList","@id":"https:\/\/holzskulptur.net\/?page_id=1381#breadcrumb","itemListElement":[{"@type":"ListItem","position":1,"name":"Startseite","item":"https:\/\/holzskulptur.net\/"},{"@type":"ListItem","position":2,"name":"Kontakt"}]},{"@type":"WebSite","@id":"https:\/\/holzskulptur.net\/#website","url":"https:\/\/holzskulptur.net\/","name":"Holzskulpturen von Waltraud Schroll","description":"Holzskulpturen ","publisher":{"@id":"https:\/\/holzskulptur.net\/#\/schema\/person\/bed0e024005037ac4a46115e95fc22e0"},"potentialAction":[{"@type":"SearchAction","target":{"@type":"EntryPoint","urlTemplate":"https:\/\/holzskulptur.net\/?s={search_term_string}"},"query-input":{"@type":"PropertyValueSpecification","valueRequired":true,"valueName":"search_term_string"}}],"inLanguage":"de"},{"@type":["Person","Organization"],"@id":"https:\/\/holzskulptur.net\/#\/schema\/person\/bed0e024005037ac4a46115e95fc22e0","name":"waltraud","image":{"@type":"ImageObject","inLanguage":"de","@id":"https:\/\/holzskulptur.net\/#\/schema\/person\/image\/","url":"https:\/\/secure.gravatar.com\/avatar\/cad87b288d4598c3ae43bdb381be610b2810f3ccb32736a6b9f22de10ae6384a?s=96&d=mm&r=g","contentUrl":"https:\/\/secure.gravatar.com\/avatar\/cad87b288d4598c3ae43bdb381be610b2810f3ccb32736a6b9f22de10ae6384a?s=96&d=mm&r=g","caption":"waltraud"},"logo":{"@id":"https:\/\/holzskulptur.net\/#\/schema\/person\/image\/"}}]}},"_links":{"self":[{"href":"https:\/\/holzskulptur.net\/index.php?rest_route=\/wp\/v2\/pages\/1381","targetHints":{"allow":["GET"]}}],"collection":[{"href":"https:\/\/holzskulptur.net\/index.php?rest_route=\/wp\/v2\/pages"}],"about":[{"href":"https:\/\/holzskulptur.net\/index.php?rest_route=\/wp\/v2\/types\/page"}],"author":[{"embeddable":true,"href":"https:\/\/holzskulptur.net\/index.php?rest_route=\/wp\/v2\/users\/1"}],"replies":[{"embeddable":true,"href":"https:\/\/holzskulptur.net\/index.php?rest_route=%2Fwp%2Fv2%2Fcomments&post=1381"}],"version-history":[{"count":4,"href":"https:\/\/holzskulptur.net\/index.php?rest_route=\/wp\/v2\/pages\/1381\/revisions"}],"predecessor-version":[{"id":1390,"href":"https:\/\/holzskulptur.net\/index.php?rest_route=\/wp\/v2\/pages\/1381\/revisions\/1390"}],"wp:featuredmedia":[{"embeddable":true,"href":"https:\/\/holzskulptur.net\/index.php?rest_route=\/wp\/v2\/media\/202"}],"wp:attachment":[{"href":"https:\/\/holzskulptur.net\/index.php?rest_route=%2Fwp%2Fv2%2Fmedia&parent=1381"}],"curies":[{"name":"wp","href":"https:\/\/api.w.org\/{rel}","templated":true}]}}