{"id":212,"date":"2018-09-20T11:06:42","date_gmt":"2018-09-20T11:06:42","guid":{"rendered":"http:\/\/holzskulptur.net\/?page_id=212"},"modified":"2023-01-02T16:09:52","modified_gmt":"2023-01-02T16:09:52","slug":"impressum","status":"publish","type":"page","link":"https:\/\/holzskulptur.net\/?page_id=212","title":{"rendered":"IMPRESSUM"},"content":{"rendered":"<p>Verantwortlich f\u00fcr die Inhalte und den Datenschutz \u2028ist Waltraud Schroll<\/p>\n<h4><strong>Angaben gem\u00e4\u00df \u00a7 5 TMG<\/strong><\/h4>\n<p>Waltraud Schroll<br \/>\nKrummewiese 3<br \/>\n58119 Hagen &#8211; Germany<\/p>\n<p>&nbsp;02337 8446<br \/>\nw@waltraudschroll.com<\/p>\n<p>Studio Schroll ist die um Richtigkeit und Aktualit\u00e4t der auf dieser Internetpr\u00e4senz bereitgestellten Informationen bem\u00fcht. Trotzdem k\u00f6nnen Fehler und Unklarheiten nicht vollst\u00e4ndig ausgeschlossen werden. Studio Schroll \u00fcbernimmt deshalb keine Gew\u00e4hr f\u00fcr die Aktualit\u00e4t, Richtigkeit, Vollst\u00e4ndigkeit oder Qualit\u00e4t der bereitgestellten Informationen. F\u00fcr Sch\u00e4den materieller oder immaterieller Art. die durch die Nutzung oder Nichtnutzung der dargebotenen Informationen bzw. durch die Nutzung fehlerhafter und unvollst\u00e4ndiger Informationen unmittelbar oder mittelbar verursacht werden, haftet Studio Schroll nicht, sofern nicht nachweislich vors\u00e4tzliches oder grob fahrl\u00e4ssiges Verschulden zur Last f\u00e4llt. Gleiches gilt f\u00fcr kostenlos zum Download bereitgehaltener Daten. Studio Schroll beh\u00e4lt es sich vor, Teile des Internetangebots oder das gesamte Angebot ohne gesonderte Ank\u00fcndigung zu ver\u00e4ndern, zu erg\u00e4nzen, zu l\u00f6schen oder die Ver\u00f6ffentlichung zeitweise oder endg\u00fcltig einzustellen. Die Verantwortlichkeit f\u00fcr &#8222;fremde Inhalte&#8220;, die beispielsweise durch direkte oder indirekte Verkn\u00fcpfungen (z.B. so genannte &#8222;Links&#8220;)\u2028zu anderen Anbietern bereitgehalten werden, setzt unter anderem positive Kenntnis des rechtswidrigen bzw. strafbaren Inhaltes voraus. &#8222;Fremde Inhalte&#8220; sind in geeigneter Weise gekennzeichnet. Studio Schroll hat auf &#8222;fremde Inhalte&#8220; keinerlei Einfluss und macht sich diese Inhalte auch nicht zu Eigen. Studio Schroll hat keine positive Kenntnis \u00fcber rechtswidrige oder anst\u00f6\u00dfige Inhalte auf den verkn\u00fcpften Seiten fremder Anbieter. Sollten auf den verkn\u00fcpften Seiten fremder Anbieter dennoch rechtswidrige oder anst\u00f6\u00dfige Inhalte enthalten sein, so distanziert sich Studio Schroll von diesen Inhalten ausdr\u00fccklich.<\/p>\n<h4>EU-Streitschlichtung<\/h4>\n<p>Die Europ\u00e4ische Kommission stellt eine Plattform zur Online-Streitbeilegung (OS) bereit: <a href=\"https:\/\/ec.europa.eu\/consumers\/odr\/\" target=\"_blank\" rel=\"noopener noreferrer\">https:\/\/ec.europa.eu\/consumers\/odr\/<\/a>.<br \/>\nUnsere E-Mail-Adresse finden Sie oben im Impressum.<\/p>\n<h5>Verbraucher\u00adstreit\u00adbeilegung\/Universal\u00adschlichtungs\u00adstelle<\/h5>\n<p>Wir sind nicht bereit oder verpflichtet, an Streitbeilegungsverfahren vor einer Verbraucherschlichtungsstelle teilzunehmen.<\/p>\n<p>Quelle: <a href=\"https:\/\/www.e-recht24.de\">eRecht24<\/a><\/p>\n<p>&nbsp;<\/p>\n","protected":false},"excerpt":{"rendered":"<p>Verantwortlich f\u00fcr die Inhalte und den Datenschutz \u2028ist Waltraud Schroll Angaben gem\u00e4\u00df \u00a7 5 TMG Waltraud Schroll Krummewiese 3 58119 Hagen &#8211; Germany &nbsp;02337 8446 w@waltraudschroll.com Studio Schroll ist die um Richtigkeit und Aktualit\u00e4t der auf dieser Internetpr\u00e4senz bereitgestellten Informationen bem\u00fcht. Trotzdem k\u00f6nnen Fehler und Unklarheiten nicht vollst\u00e4ndig ausgeschlossen werden. Studio Schroll \u00fcbernimmt deshalb keine&#8230;<\/p>\n<p class=\"more-link-wrap\"><a class=\"more-link\" href=\"https:\/\/holzskulptur.net\/?page_id=212\">Read More<\/a><\/p>\n","protected":false},"author":1,"featured_media":0,"parent":0,"menu_order":0,"comment_status":"closed","ping_status":"closed","template":"","meta":{"_genesis_hide_title":false,"_genesis_hide_breadcrumbs":false,"_genesis_hide_singular_image":false,"_genesis_hide_footer_widgets":false,"_genesis_custom_body_class":"","_genesis_custom_post_class":"","_genesis_layout":"","ngg_post_thumbnail":0,"footnotes":""},"class_list":{"0":"post-212","1":"page","2":"type-page","3":"status-publish","5":"entry"},"yoast_head":"<!-- This site is optimized with the Yoast SEO plugin v26.6 - https:\/\/yoast.com\/wordpress\/plugins\/seo\/ -->\n<title>IMPRESSUM &#8211; Holzskulpturen von Waltraud Schroll<\/title>\n<meta name=\"description\" content=\"Waltraud Schroll erstellt Holzskulpturen aus heimschen H\u00f6lzern wie Eiche, Buche und auch Obsth\u00f6lzern. Ihre Motive sind Paare, Pflanzen und Figuren, abstrakte Skulpturen und Engel.\" \/>\n<meta name=\"robots\" content=\"index, follow, max-snippet:-1, max-image-preview:large, max-video-preview:-1\" \/>\n<link rel=\"canonical\" href=\"https:\/\/holzskulptur.net\/?page_id=212\" \/>\n<meta property=\"og:locale\" content=\"de_DE\" \/>\n<meta property=\"og:type\" content=\"article\" \/>\n<meta property=\"og:title\" content=\"IMPRESSUM &#8211; Holzskulpturen von Waltraud Schroll\" \/>\n<meta property=\"og:description\" content=\"Waltraud Schroll erstellt Holzskulpturen aus heimschen H\u00f6lzern wie Eiche, Buche und auch Obsth\u00f6lzern. Ihre Motive sind Paare, Pflanzen und Figuren, abstrakte Skulpturen und Engel.\" \/>\n<meta property=\"og:url\" content=\"https:\/\/holzskulptur.net\/?page_id=212\" \/>\n<meta property=\"og:site_name\" content=\"Holzskulpturen von Waltraud Schroll\" \/>\n<meta property=\"article:modified_time\" content=\"2023-01-02T16:09:52+00:00\" \/>\n<meta name=\"twitter:card\" content=\"summary_large_image\" \/>\n<meta name=\"twitter:label1\" content=\"Gesch\u00e4tzte Lesezeit\" \/>\n\t<meta name=\"twitter:data1\" content=\"2\u00a0Minuten\" \/>\n<script type=\"application\/ld+json\" class=\"yoast-schema-graph\">{\"@context\":\"https:\/\/schema.org\",\"@graph\":[{\"@type\":\"WebPage\",\"@id\":\"https:\/\/holzskulptur.net\/?page_id=212\",\"url\":\"https:\/\/holzskulptur.net\/?page_id=212\",\"name\":\"IMPRESSUM &#8211; Holzskulpturen von Waltraud Schroll\",\"isPartOf\":{\"@id\":\"https:\/\/holzskulptur.net\/#website\"},\"datePublished\":\"2018-09-20T11:06:42+00:00\",\"dateModified\":\"2023-01-02T16:09:52+00:00\",\"description\":\"Waltraud Schroll erstellt Holzskulpturen aus heimschen H\u00f6lzern wie Eiche, Buche und auch Obsth\u00f6lzern. Ihre Motive sind Paare, Pflanzen und Figuren, abstrakte Skulpturen und Engel.\",\"breadcrumb\":{\"@id\":\"https:\/\/holzskulptur.net\/?page_id=212#breadcrumb\"},\"inLanguage\":\"de\",\"potentialAction\":[{\"@type\":\"ReadAction\",\"target\":[\"https:\/\/holzskulptur.net\/?page_id=212\"]}]},{\"@type\":\"BreadcrumbList\",\"@id\":\"https:\/\/holzskulptur.net\/?page_id=212#breadcrumb\",\"itemListElement\":[{\"@type\":\"ListItem\",\"position\":1,\"name\":\"Startseite\",\"item\":\"https:\/\/holzskulptur.net\/\"},{\"@type\":\"ListItem\",\"position\":2,\"name\":\"IMPRESSUM\"}]},{\"@type\":\"WebSite\",\"@id\":\"https:\/\/holzskulptur.net\/#website\",\"url\":\"https:\/\/holzskulptur.net\/\",\"name\":\"Holzskulpturen von Waltraud Schroll\",\"description\":\"Holzskulpturen \",\"publisher\":{\"@id\":\"https:\/\/holzskulptur.net\/#\/schema\/person\/bed0e024005037ac4a46115e95fc22e0\"},\"potentialAction\":[{\"@type\":\"SearchAction\",\"target\":{\"@type\":\"EntryPoint\",\"urlTemplate\":\"https:\/\/holzskulptur.net\/?s={search_term_string}\"},\"query-input\":{\"@type\":\"PropertyValueSpecification\",\"valueRequired\":true,\"valueName\":\"search_term_string\"}}],\"inLanguage\":\"de\"},{\"@type\":[\"Person\",\"Organization\"],\"@id\":\"https:\/\/holzskulptur.net\/#\/schema\/person\/bed0e024005037ac4a46115e95fc22e0\",\"name\":\"waltraud\",\"image\":{\"@type\":\"ImageObject\",\"inLanguage\":\"de\",\"@id\":\"https:\/\/holzskulptur.net\/#\/schema\/person\/image\/\",\"url\":\"https:\/\/secure.gravatar.com\/avatar\/cad87b288d4598c3ae43bdb381be610b2810f3ccb32736a6b9f22de10ae6384a?s=96&d=mm&r=g\",\"contentUrl\":\"https:\/\/secure.gravatar.com\/avatar\/cad87b288d4598c3ae43bdb381be610b2810f3ccb32736a6b9f22de10ae6384a?s=96&d=mm&r=g\",\"caption\":\"waltraud\"},\"logo\":{\"@id\":\"https:\/\/holzskulptur.net\/#\/schema\/person\/image\/\"}}]}<\/script>\n<!-- \/ Yoast SEO plugin. -->","yoast_head_json":{"title":"IMPRESSUM &#8211; Holzskulpturen von Waltraud Schroll","description":"Waltraud Schroll erstellt Holzskulpturen aus heimschen H\u00f6lzern wie Eiche, Buche und auch Obsth\u00f6lzern. Ihre Motive sind Paare, Pflanzen und Figuren, abstrakte Skulpturen und Engel.","robots":{"index":"index","follow":"follow","max-snippet":"max-snippet:-1","max-image-preview":"max-image-preview:large","max-video-preview":"max-video-preview:-1"},"canonical":"https:\/\/holzskulptur.net\/?page_id=212","og_locale":"de_DE","og_type":"article","og_title":"IMPRESSUM &#8211; Holzskulpturen von Waltraud Schroll","og_description":"Waltraud Schroll erstellt Holzskulpturen aus heimschen H\u00f6lzern wie Eiche, Buche und auch Obsth\u00f6lzern. Ihre Motive sind Paare, Pflanzen und Figuren, abstrakte Skulpturen und Engel.","og_url":"https:\/\/holzskulptur.net\/?page_id=212","og_site_name":"Holzskulpturen von Waltraud Schroll","article_modified_time":"2023-01-02T16:09:52+00:00","twitter_card":"summary_large_image","twitter_misc":{"Gesch\u00e4tzte Lesezeit":"2\u00a0Minuten"},"schema":{"@context":"https:\/\/schema.org","@graph":[{"@type":"WebPage","@id":"https:\/\/holzskulptur.net\/?page_id=212","url":"https:\/\/holzskulptur.net\/?page_id=212","name":"IMPRESSUM &#8211; Holzskulpturen von Waltraud Schroll","isPartOf":{"@id":"https:\/\/holzskulptur.net\/#website"},"datePublished":"2018-09-20T11:06:42+00:00","dateModified":"2023-01-02T16:09:52+00:00","description":"Waltraud Schroll erstellt Holzskulpturen aus heimschen H\u00f6lzern wie Eiche, Buche und auch Obsth\u00f6lzern. Ihre Motive sind Paare, Pflanzen und Figuren, abstrakte Skulpturen und Engel.","breadcrumb":{"@id":"https:\/\/holzskulptur.net\/?page_id=212#breadcrumb"},"inLanguage":"de","potentialAction":[{"@type":"ReadAction","target":["https:\/\/holzskulptur.net\/?page_id=212"]}]},{"@type":"BreadcrumbList","@id":"https:\/\/holzskulptur.net\/?page_id=212#breadcrumb","itemListElement":[{"@type":"ListItem","position":1,"name":"Startseite","item":"https:\/\/holzskulptur.net\/"},{"@type":"ListItem","position":2,"name":"IMPRESSUM"}]},{"@type":"WebSite","@id":"https:\/\/holzskulptur.net\/#website","url":"https:\/\/holzskulptur.net\/","name":"Holzskulpturen von Waltraud Schroll","description":"Holzskulpturen ","publisher":{"@id":"https:\/\/holzskulptur.net\/#\/schema\/person\/bed0e024005037ac4a46115e95fc22e0"},"potentialAction":[{"@type":"SearchAction","target":{"@type":"EntryPoint","urlTemplate":"https:\/\/holzskulptur.net\/?s={search_term_string}"},"query-input":{"@type":"PropertyValueSpecification","valueRequired":true,"valueName":"search_term_string"}}],"inLanguage":"de"},{"@type":["Person","Organization"],"@id":"https:\/\/holzskulptur.net\/#\/schema\/person\/bed0e024005037ac4a46115e95fc22e0","name":"waltraud","image":{"@type":"ImageObject","inLanguage":"de","@id":"https:\/\/holzskulptur.net\/#\/schema\/person\/image\/","url":"https:\/\/secure.gravatar.com\/avatar\/cad87b288d4598c3ae43bdb381be610b2810f3ccb32736a6b9f22de10ae6384a?s=96&d=mm&r=g","contentUrl":"https:\/\/secure.gravatar.com\/avatar\/cad87b288d4598c3ae43bdb381be610b2810f3ccb32736a6b9f22de10ae6384a?s=96&d=mm&r=g","caption":"waltraud"},"logo":{"@id":"https:\/\/holzskulptur.net\/#\/schema\/person\/image\/"}}]}},"_links":{"self":[{"href":"https:\/\/holzskulptur.net\/index.php?rest_route=\/wp\/v2\/pages\/212","targetHints":{"allow":["GET"]}}],"collection":[{"href":"https:\/\/holzskulptur.net\/index.php?rest_route=\/wp\/v2\/pages"}],"about":[{"href":"https:\/\/holzskulptur.net\/index.php?rest_route=\/wp\/v2\/types\/page"}],"author":[{"embeddable":true,"href":"https:\/\/holzskulptur.net\/index.php?rest_route=\/wp\/v2\/users\/1"}],"replies":[{"embeddable":true,"href":"https:\/\/holzskulptur.net\/index.php?rest_route=%2Fwp%2Fv2%2Fcomments&post=212"}],"version-history":[{"count":3,"href":"https:\/\/holzskulptur.net\/index.php?rest_route=\/wp\/v2\/pages\/212\/revisions"}],"predecessor-version":[{"id":2280,"href":"https:\/\/holzskulptur.net\/index.php?rest_route=\/wp\/v2\/pages\/212\/revisions\/2280"}],"wp:attachment":[{"href":"https:\/\/holzskulptur.net\/index.php?rest_route=%2Fwp%2Fv2%2Fmedia&parent=212"}],"curies":[{"name":"wp","href":"https:\/\/api.w.org\/{rel}","templated":true}]}}