{"id":389,"date":"2018-09-20T12:32:40","date_gmt":"2018-09-20T12:32:40","guid":{"rendered":"http:\/\/holzskulptur.net\/?page_id=389"},"modified":"2025-12-05T10:02:41","modified_gmt":"2025-12-05T10:02:41","slug":"paare","status":"publish","type":"page","link":"https:\/\/holzskulptur.net\/?page_id=389","title":{"rendered":"Paare"},"content":{"rendered":"ngg_shortcode_0_placeholder\n\n\n<div style=\"height:2067px\" aria-hidden=\"true\" class=\"wp-block-spacer\"><\/div>\n\n\n\n<div class=\"wp-block-media-text is-stacked-on-mobile\"><figure class=\"wp-block-media-text__media\"><\/figure><div class=\"wp-block-media-text__content\">\n<p><strong>Individuelle Holzkunst \u2013 Skulpturen nach Wunsch &amp; Vision<\/strong><\/p>\n\n\n\n<p>Auf Anfrage gestalte ich <strong>ma\u00dfgeschneiderte Holzskulpturen<\/strong>, die pers\u00f6nliche Themen, symbolische Motive oder architektonische R\u00e4ume auf besondere Weise erg\u00e4nzen. Jede Auftragsarbeit beginnt mit einem Gespr\u00e4ch: Welche Stimmung soll die Skulptur tragen? Welche Formensprache spricht Sie an? Welche Gr\u00f6\u00dfe, welches Holz und welche Bedeutung stehen im Mittelpunkt? <\/p>\n\n\n\n<p><strong>M\u00f6gliche Auftragsarbeiten<\/strong><\/p>\n\n\n\n<ul class=\"wp-block-list\">\n<li>Pers\u00f6nliche Kunstobjekte f\u00fcr Wohn- oder Arbeitsr\u00e4ume<\/li>\n\n\n\n<li>Symbolische Skulpturen f\u00fcr besondere Lebensmomente<\/li>\n\n\n\n<li>Werke f\u00fcr G\u00e4rten, Terrassen und Naturbereiche<\/li>\n\n\n\n<li>Kunst f\u00fcr Praxisr\u00e4ume, Hotellobbys und Innenarchitektur<\/li>\n\n\n\n<li>Geschenkideen mit individueller Bedeutung<\/li>\n<\/ul>\n\n\n\n<p>Ich begleite den gesamten Prozess \u2013 von der ersten Skizze bis zur fertigen Skulptur. So entsteht ein Werk, das genau das ausdr\u00fcckt, was Ihnen wichtig ist: ein Kunstobjekt mit pers\u00f6nlicher Tiefe. <\/p>\n<\/div><\/div>\n","protected":false},"excerpt":{"rendered":"<p><\/p>\n","protected":false},"author":1,"featured_media":0,"parent":0,"menu_order":0,"comment_status":"closed","ping_status":"closed","template":"","meta":{"_genesis_hide_title":false,"_genesis_hide_breadcrumbs":false,"_genesis_hide_singular_image":false,"_genesis_hide_footer_widgets":false,"_genesis_custom_body_class":"","_genesis_custom_post_class":"","_genesis_layout":"","ngg_post_thumbnail":0,"footnotes":""},"class_list":{"0":"post-389","1":"page","2":"type-page","3":"status-publish","5":"entry"},"yoast_head":"<!-- This site is optimized with the Yoast SEO plugin v26.6 - https:\/\/yoast.com\/wordpress\/plugins\/seo\/ -->\n<title>Paare &#8211; Holzskulpturen von Waltraud Schroll<\/title>\n<meta name=\"description\" content=\"Waltraud Schroll erstellt Holzskulpturen aus heimschen H\u00f6lzern wie Eiche, Buche und auch Obsth\u00f6lzern. Ihre Motive sind Paare, Pflanzen und Figuren, abstrakte Skulpturen und Engel.\" \/>\n<meta name=\"robots\" content=\"index, follow, max-snippet:-1, max-image-preview:large, max-video-preview:-1\" \/>\n<link rel=\"canonical\" href=\"https:\/\/holzskulptur.net\/?page_id=389\" \/>\n<meta property=\"og:locale\" content=\"de_DE\" \/>\n<meta property=\"og:type\" content=\"article\" \/>\n<meta property=\"og:title\" content=\"Paare &#8211; Holzskulpturen von Waltraud Schroll\" \/>\n<meta property=\"og:description\" content=\"Waltraud Schroll erstellt Holzskulpturen aus heimschen H\u00f6lzern wie Eiche, Buche und auch Obsth\u00f6lzern. Ihre Motive sind Paare, Pflanzen und Figuren, abstrakte Skulpturen und Engel.\" \/>\n<meta property=\"og:url\" content=\"https:\/\/holzskulptur.net\/?page_id=389\" \/>\n<meta property=\"og:site_name\" content=\"Holzskulpturen von Waltraud Schroll\" \/>\n<meta property=\"article:modified_time\" content=\"2025-12-05T10:02:41+00:00\" \/>\n<meta name=\"twitter:card\" content=\"summary_large_image\" \/>\n<meta name=\"twitter:label1\" content=\"Gesch\u00e4tzte Lesezeit\" \/>\n\t<meta name=\"twitter:data1\" content=\"1\u00a0Minute\" \/>\n<script type=\"application\/ld+json\" class=\"yoast-schema-graph\">{\"@context\":\"https:\/\/schema.org\",\"@graph\":[{\"@type\":\"WebPage\",\"@id\":\"https:\/\/holzskulptur.net\/?page_id=389\",\"url\":\"https:\/\/holzskulptur.net\/?page_id=389\",\"name\":\"Paare &#8211; Holzskulpturen von Waltraud Schroll\",\"isPartOf\":{\"@id\":\"https:\/\/holzskulptur.net\/#website\"},\"datePublished\":\"2018-09-20T12:32:40+00:00\",\"dateModified\":\"2025-12-05T10:02:41+00:00\",\"description\":\"Waltraud Schroll erstellt Holzskulpturen aus heimschen H\u00f6lzern wie Eiche, Buche und auch Obsth\u00f6lzern. Ihre Motive sind Paare, Pflanzen und Figuren, abstrakte Skulpturen und Engel.\",\"breadcrumb\":{\"@id\":\"https:\/\/holzskulptur.net\/?page_id=389#breadcrumb\"},\"inLanguage\":\"de\",\"potentialAction\":[{\"@type\":\"ReadAction\",\"target\":[\"https:\/\/holzskulptur.net\/?page_id=389\"]}]},{\"@type\":\"BreadcrumbList\",\"@id\":\"https:\/\/holzskulptur.net\/?page_id=389#breadcrumb\",\"itemListElement\":[{\"@type\":\"ListItem\",\"position\":1,\"name\":\"Startseite\",\"item\":\"https:\/\/holzskulptur.net\/\"},{\"@type\":\"ListItem\",\"position\":2,\"name\":\"Paare\"}]},{\"@type\":\"WebSite\",\"@id\":\"https:\/\/holzskulptur.net\/#website\",\"url\":\"https:\/\/holzskulptur.net\/\",\"name\":\"Holzskulpturen von Waltraud Schroll\",\"description\":\"Holzskulpturen \",\"publisher\":{\"@id\":\"https:\/\/holzskulptur.net\/#\/schema\/person\/bed0e024005037ac4a46115e95fc22e0\"},\"potentialAction\":[{\"@type\":\"SearchAction\",\"target\":{\"@type\":\"EntryPoint\",\"urlTemplate\":\"https:\/\/holzskulptur.net\/?s={search_term_string}\"},\"query-input\":{\"@type\":\"PropertyValueSpecification\",\"valueRequired\":true,\"valueName\":\"search_term_string\"}}],\"inLanguage\":\"de\"},{\"@type\":[\"Person\",\"Organization\"],\"@id\":\"https:\/\/holzskulptur.net\/#\/schema\/person\/bed0e024005037ac4a46115e95fc22e0\",\"name\":\"waltraud\",\"image\":{\"@type\":\"ImageObject\",\"inLanguage\":\"de\",\"@id\":\"https:\/\/holzskulptur.net\/#\/schema\/person\/image\/\",\"url\":\"https:\/\/secure.gravatar.com\/avatar\/cad87b288d4598c3ae43bdb381be610b2810f3ccb32736a6b9f22de10ae6384a?s=96&d=mm&r=g\",\"contentUrl\":\"https:\/\/secure.gravatar.com\/avatar\/cad87b288d4598c3ae43bdb381be610b2810f3ccb32736a6b9f22de10ae6384a?s=96&d=mm&r=g\",\"caption\":\"waltraud\"},\"logo\":{\"@id\":\"https:\/\/holzskulptur.net\/#\/schema\/person\/image\/\"}}]}<\/script>\n<!-- \/ Yoast SEO plugin. -->","yoast_head_json":{"title":"Paare &#8211; Holzskulpturen von Waltraud Schroll","description":"Waltraud Schroll erstellt Holzskulpturen aus heimschen H\u00f6lzern wie Eiche, Buche und auch Obsth\u00f6lzern. Ihre Motive sind Paare, Pflanzen und Figuren, abstrakte Skulpturen und Engel.","robots":{"index":"index","follow":"follow","max-snippet":"max-snippet:-1","max-image-preview":"max-image-preview:large","max-video-preview":"max-video-preview:-1"},"canonical":"https:\/\/holzskulptur.net\/?page_id=389","og_locale":"de_DE","og_type":"article","og_title":"Paare &#8211; Holzskulpturen von Waltraud Schroll","og_description":"Waltraud Schroll erstellt Holzskulpturen aus heimschen H\u00f6lzern wie Eiche, Buche und auch Obsth\u00f6lzern. Ihre Motive sind Paare, Pflanzen und Figuren, abstrakte Skulpturen und Engel.","og_url":"https:\/\/holzskulptur.net\/?page_id=389","og_site_name":"Holzskulpturen von Waltraud Schroll","article_modified_time":"2025-12-05T10:02:41+00:00","twitter_card":"summary_large_image","twitter_misc":{"Gesch\u00e4tzte Lesezeit":"1\u00a0Minute"},"schema":{"@context":"https:\/\/schema.org","@graph":[{"@type":"WebPage","@id":"https:\/\/holzskulptur.net\/?page_id=389","url":"https:\/\/holzskulptur.net\/?page_id=389","name":"Paare &#8211; Holzskulpturen von Waltraud Schroll","isPartOf":{"@id":"https:\/\/holzskulptur.net\/#website"},"datePublished":"2018-09-20T12:32:40+00:00","dateModified":"2025-12-05T10:02:41+00:00","description":"Waltraud Schroll erstellt Holzskulpturen aus heimschen H\u00f6lzern wie Eiche, Buche und auch Obsth\u00f6lzern. Ihre Motive sind Paare, Pflanzen und Figuren, abstrakte Skulpturen und Engel.","breadcrumb":{"@id":"https:\/\/holzskulptur.net\/?page_id=389#breadcrumb"},"inLanguage":"de","potentialAction":[{"@type":"ReadAction","target":["https:\/\/holzskulptur.net\/?page_id=389"]}]},{"@type":"BreadcrumbList","@id":"https:\/\/holzskulptur.net\/?page_id=389#breadcrumb","itemListElement":[{"@type":"ListItem","position":1,"name":"Startseite","item":"https:\/\/holzskulptur.net\/"},{"@type":"ListItem","position":2,"name":"Paare"}]},{"@type":"WebSite","@id":"https:\/\/holzskulptur.net\/#website","url":"https:\/\/holzskulptur.net\/","name":"Holzskulpturen von Waltraud Schroll","description":"Holzskulpturen ","publisher":{"@id":"https:\/\/holzskulptur.net\/#\/schema\/person\/bed0e024005037ac4a46115e95fc22e0"},"potentialAction":[{"@type":"SearchAction","target":{"@type":"EntryPoint","urlTemplate":"https:\/\/holzskulptur.net\/?s={search_term_string}"},"query-input":{"@type":"PropertyValueSpecification","valueRequired":true,"valueName":"search_term_string"}}],"inLanguage":"de"},{"@type":["Person","Organization"],"@id":"https:\/\/holzskulptur.net\/#\/schema\/person\/bed0e024005037ac4a46115e95fc22e0","name":"waltraud","image":{"@type":"ImageObject","inLanguage":"de","@id":"https:\/\/holzskulptur.net\/#\/schema\/person\/image\/","url":"https:\/\/secure.gravatar.com\/avatar\/cad87b288d4598c3ae43bdb381be610b2810f3ccb32736a6b9f22de10ae6384a?s=96&d=mm&r=g","contentUrl":"https:\/\/secure.gravatar.com\/avatar\/cad87b288d4598c3ae43bdb381be610b2810f3ccb32736a6b9f22de10ae6384a?s=96&d=mm&r=g","caption":"waltraud"},"logo":{"@id":"https:\/\/holzskulptur.net\/#\/schema\/person\/image\/"}}]}},"_links":{"self":[{"href":"https:\/\/holzskulptur.net\/index.php?rest_route=\/wp\/v2\/pages\/389","targetHints":{"allow":["GET"]}}],"collection":[{"href":"https:\/\/holzskulptur.net\/index.php?rest_route=\/wp\/v2\/pages"}],"about":[{"href":"https:\/\/holzskulptur.net\/index.php?rest_route=\/wp\/v2\/types\/page"}],"author":[{"embeddable":true,"href":"https:\/\/holzskulptur.net\/index.php?rest_route=\/wp\/v2\/users\/1"}],"replies":[{"embeddable":true,"href":"https:\/\/holzskulptur.net\/index.php?rest_route=%2Fwp%2Fv2%2Fcomments&post=389"}],"version-history":[{"count":19,"href":"https:\/\/holzskulptur.net\/index.php?rest_route=\/wp\/v2\/pages\/389\/revisions"}],"predecessor-version":[{"id":2417,"href":"https:\/\/holzskulptur.net\/index.php?rest_route=\/wp\/v2\/pages\/389\/revisions\/2417"}],"wp:attachment":[{"href":"https:\/\/holzskulptur.net\/index.php?rest_route=%2Fwp%2Fv2%2Fmedia&parent=389"}],"curies":[{"name":"wp","href":"https:\/\/api.w.org\/{rel}","templated":true}]}}