{"id":692,"date":"2018-09-21T08:17:04","date_gmt":"2018-09-21T08:17:04","guid":{"rendered":"http:\/\/holzskulptur.net\/?page_id=692"},"modified":"2025-12-05T10:10:04","modified_gmt":"2025-12-05T10:10:04","slug":"ueber-mich","status":"publish","type":"page","link":"https:\/\/holzskulptur.net\/?page_id=692","title":{"rendered":"\u00fcber mich"},"content":{"rendered":"<p>&nbsp; &nbsp; &nbsp; &nbsp; &nbsp; &nbsp; &nbsp; &nbsp; &nbsp; &nbsp; &nbsp; &nbsp; &nbsp; &nbsp; &nbsp; &nbsp; &nbsp; &nbsp; &nbsp; &nbsp; &nbsp; &nbsp; &nbsp; &nbsp; &nbsp; &nbsp; &nbsp; &nbsp; &nbsp; &nbsp; &nbsp; &nbsp; &nbsp; &nbsp; &nbsp; &nbsp; &nbsp; &nbsp; &nbsp; &nbsp; &nbsp; &nbsp; &nbsp; &nbsp; &nbsp; &nbsp; &nbsp; &nbsp; &nbsp; &nbsp; &nbsp; &nbsp; &nbsp; &nbsp; &nbsp; &nbsp;&nbsp;<\/p>\n<p>Aus heimischen H\u00f6lzern entstehen filigrane Kunstobjekte von hohem \u00e4sthetischem Anspruch. Florale Gebilde im&nbsp;Moment des Werdens oder Vergehens. Menschliche K\u00f6rper in der Pose der Versunkenheit oder des Geborgenseins. Engelswesen in ihrer vollendeten Sch\u00f6nheit wie der Erde entr\u00fcckt. Organische Formen, die sich dem konkreten Erkennen entziehen.<\/p>\n<p>Manche Strukturmuster, die die Holzskulpturen pr\u00e4sentieren, werden mit den hauchd\u00fcnnen H\u00f6lzern in den Bildcollagen&nbsp;wieder aufgenommen. Was in der Bildhauerei m\u00fchsam und geduldig zur Durchl\u00e4ssigkeit gezwungen wir, l\u00e4sst sich in den Collagen&nbsp;durch F\u00e4den scheinbar spielerisch miteinander verbinden. Das Durchbrechen, Durchdringen und doch&nbsp;noch immer Verbundensein wird im einen wie im anderen Kunst-Fall gleicherma\u00dfen aufgenommen und faszinierend&nbsp;zu einer Einheit verwoben.<\/p>\n<p>Waltraud Schrolls Holzskulpturen schmeicheln dem Auge und der Hand. Der unendlich lange Entstehungsprozess dahin&nbsp;scheint angesichts der fertigen Arbeit regelrecht dahingeschmolzen zu sein. Das nat\u00fcrliche Material hat sich nach dem&nbsp;unbarmherzigen Einsatz von Kettens\u00e4ge, Flex und &nbsp;Schleifpapier einer regelrechten Metamorphose unterworfen. &nbsp; &nbsp; &nbsp; &nbsp; &nbsp;<\/p>\n<p>Die Holzbildhauerei, wie sie Waltraud Schroll praktiziert, lehrt die K\u00fcnstlerin Demut vor der Natur und l\u00e4sst uns Betrachter bewundernd staunen: So glatt, so ebenm\u00e4\u00dfig kommen die Arbeiten daher, gerade so als sei es ein leichtes, ein&nbsp;selbstverst\u00e4ndliches Ergebnis nach dem beherzten Eingriff in den nat\u00fcrlichen Werkstoff.<\/p>\n<p>Andreas Thiemann (Kulturjournalist)<\/p>\n<p>&nbsp;<\/p>\n<p>&nbsp;<\/p>\n<p>&nbsp;<\/p>\n<p>&nbsp;<\/p>\n<p>&nbsp;<\/p>\n<p>&nbsp;<\/p>\n<p>&nbsp;<\/p>\n<p>&nbsp;<\/p>\n<p>&nbsp;<\/p>\n<p>&nbsp;<\/p>\n<p>&nbsp;<\/p>\n<p>&nbsp;<\/p>\n<p>&nbsp;<\/p>\n<p>&nbsp;<\/p>\n<p>&nbsp;<\/p>\n<p>&nbsp;<\/p>\n<p>&nbsp;<\/p>\n<p>&nbsp;<\/p>\n<p>&nbsp;<\/p>\n<p>&nbsp;<\/p>\n<p>&nbsp;<\/p>\n<p>&nbsp;<\/p>\n<p>&nbsp;<\/p>\n<p>&nbsp;<\/p>\n<p>&nbsp;<\/p>\n<p>&nbsp;<\/p>\n<p>&nbsp;<\/p>\n<p>&nbsp;<\/p>\n<p>&nbsp;<\/p>\n<p>&nbsp;<\/p>\n<p>&nbsp;<\/p>\n<p>&nbsp;<\/p>\n<p>&nbsp;<\/p>\n<p>&nbsp;<\/p>\n<p>&nbsp;<\/p>\n<p>&nbsp;<\/p>\n<p>&nbsp;<\/p>\n<p>&nbsp;<\/p>\n<p>&nbsp;<\/p>\n<p>&nbsp;<\/p>\n<p>&nbsp;<\/p>\n<p>&nbsp;<\/p>\n<p>&nbsp;<\/p>\n<p>&nbsp;<\/p>\n<p>&nbsp;<\/p>\n<p>&nbsp;<\/p>\n<p>&nbsp;<\/p>\n<p>&nbsp;<\/p>\n<p>&nbsp;<\/p>\n<p>&nbsp;<\/p>\n<p>&nbsp;<\/p>\n<p>&nbsp;<\/p>\n<p>&nbsp;<\/p>\n<p>&nbsp;<\/p>\n<p>&nbsp;<\/p>\n<p>&nbsp;<\/p>\n<p>&nbsp;<\/p>\n<p>&nbsp;<\/p>\n<p>&nbsp;<\/p>\n<p>&nbsp;<\/p>\n<p>&nbsp;<\/p>\n<p>&nbsp;<\/p>\n<p>&nbsp;<\/p>\n<p>&nbsp;<\/p>\n<p>&nbsp;<\/p>\n<p>&nbsp;<\/p>\n<p>&nbsp;<\/p>\n<p>&nbsp;<\/p>\n<p>&nbsp;<\/p>\n<p>&nbsp;<\/p>\n<p>&nbsp;<\/p>\n<p>&nbsp;<\/p>\n<p>&nbsp;<\/p>\n<p>&nbsp;<\/p>\n<p>&nbsp;<\/p>\n<p>&nbsp;<\/p>\n<p>&nbsp;<\/p>\n<p>&nbsp;<\/p>\n<p>&nbsp;<\/p>\n<p>&nbsp;<\/p>\n<p>&nbsp;<\/p>\n<p>&nbsp;<\/p>\n<p>&nbsp;<\/p>\n<p>&nbsp;<\/p>\n<p>&nbsp;<\/p>\n<p>&nbsp;<\/p>\n<p>&nbsp;<\/p>\n<p>&nbsp;<\/p>\n<p>&nbsp;<\/p>\n<p>&nbsp;<\/p>\n<p>&nbsp;<\/p>\n<p>&nbsp;<\/p>\n<p>&nbsp;<\/p>\n<p>&nbsp;<\/p>\n<p>&nbsp;<\/p>\n<p>&nbsp;<\/p>\n<p>&nbsp;<\/p>\n<p>&nbsp;<\/p>\n<p>&nbsp;<\/p>\n\n\n<p><strong>Waltraud Schroll \u2013 Holzbildhauerin &amp; K\u00fcnstlerin<\/strong><\/p>\n\n\n\n<p>Holz begleitet mich seit vielen Jahren als Ausdrucksmittel, Inspirationsquelle und Resonanzraum. In meinen Skulpturen verbinde ich innere Bilder mit den nat\u00fcrlichen Linien und Strukturen des Holzes. Jede Form entsteht aus einem Dialog zwischen Material und Intuition \u2013 ein Prozess, bei dem das Wesentliche des Werkes langsam sichtbar wird.<\/p>\n\n\n\n<p>Meine k\u00fcnstlerische Arbeit bewegt sich zwischen figurativer Darstellung, abstrahierten Formen und symbolischen Motiven. Dabei geht es mir weniger um das handwerkliche Verfahren, sondern um die emotionale Essenz einer Skulptur: um Haltung, Ausdruck, Bewegung und Stille.<\/p>\n\n\n\n<p>Ich arbeite \u00fcberwiegend mit heimischen H\u00f6lzern wie Linde, Eiche oder Zirbe und lasse ihre besondere Maserung bewusst in die Gestaltung einflie\u00dfen. So entstehen Kunstwerke, die Nat\u00fcrlichkeit und k\u00fcnstlerische Klarheit miteinander verbinden.<\/p>\n\n\n\n<p>Holzkunst ist f\u00fcr mich eine Form von lebendigem Ausdruck \u2013 ein Weg, innere Bilder in sichtbare Formen zu verwandeln.<\/p>\n\n\n\n<p><\/p>\n","protected":false},"excerpt":{"rendered":"<p>&nbsp; &nbsp; &nbsp; &nbsp; &nbsp; &nbsp; &nbsp; &nbsp; &nbsp; &nbsp; &nbsp; &nbsp; &nbsp; &nbsp; &nbsp; &nbsp; &nbsp; &nbsp; &nbsp; &nbsp; &nbsp; &nbsp; &nbsp; &nbsp; &nbsp; &nbsp; &nbsp; &nbsp; &nbsp; &nbsp; &nbsp; &nbsp; &nbsp; &nbsp; &nbsp; &nbsp; &nbsp; &nbsp; &nbsp; &nbsp; &nbsp; &nbsp; &nbsp; &nbsp; &nbsp; &nbsp; &nbsp; &nbsp; &nbsp; &nbsp; &nbsp; &nbsp; &nbsp; &nbsp; &nbsp;&#8230;<\/p>\n<p class=\"more-link-wrap\"><a class=\"more-link\" href=\"https:\/\/holzskulptur.net\/?page_id=692\">Read More<\/a><\/p>\n","protected":false},"author":1,"featured_media":2322,"parent":0,"menu_order":0,"comment_status":"closed","ping_status":"closed","template":"page-templates\/template-featured-image.php","meta":{"_genesis_hide_title":false,"_genesis_hide_breadcrumbs":false,"_genesis_hide_singular_image":false,"_genesis_hide_footer_widgets":false,"_genesis_custom_body_class":"","_genesis_custom_post_class":"","_genesis_layout":"","ngg_post_thumbnail":0,"footnotes":""},"class_list":{"0":"post-692","1":"page","2":"type-page","3":"status-publish","4":"has-post-thumbnail","6":"entry"},"yoast_head":"<!-- This site is optimized with the Yoast SEO plugin v26.6 - https:\/\/yoast.com\/wordpress\/plugins\/seo\/ -->\n<title>\u00fcber mich &#8211; Holzskulpturen von Waltraud Schroll<\/title>\n<meta name=\"description\" content=\"Waltraud Schroll erstellt Holzskulpturen aus heimschen H\u00f6lzern wie Eiche, Buche und auch Obsth\u00f6lzern. Ihre Motive sind Paare, Pflanzen und Figuren, abstrakte Skulpturen und Engel.\" \/>\n<meta name=\"robots\" content=\"index, follow, max-snippet:-1, max-image-preview:large, max-video-preview:-1\" \/>\n<link rel=\"canonical\" href=\"https:\/\/holzskulptur.net\/?page_id=692\" \/>\n<meta property=\"og:locale\" content=\"de_DE\" \/>\n<meta property=\"og:type\" content=\"article\" \/>\n<meta property=\"og:title\" content=\"\u00fcber mich &#8211; Holzskulpturen von Waltraud Schroll\" \/>\n<meta property=\"og:description\" content=\"Waltraud Schroll erstellt Holzskulpturen aus heimschen H\u00f6lzern wie Eiche, Buche und auch Obsth\u00f6lzern. Ihre Motive sind Paare, Pflanzen und Figuren, abstrakte Skulpturen und Engel.\" \/>\n<meta property=\"og:url\" content=\"https:\/\/holzskulptur.net\/?page_id=692\" \/>\n<meta property=\"og:site_name\" content=\"Holzskulpturen von Waltraud Schroll\" \/>\n<meta property=\"article:modified_time\" content=\"2025-12-05T10:10:04+00:00\" \/>\n<meta property=\"og:image\" content=\"http:\/\/holzskulptur.net\/wp-content\/uploads\/2024\/08\/Waltraud-Schroll_2-scaled.jpg\" \/>\n\t<meta property=\"og:image:width\" content=\"2560\" \/>\n\t<meta property=\"og:image:height\" content=\"1220\" \/>\n\t<meta property=\"og:image:type\" content=\"image\/jpeg\" \/>\n<meta name=\"twitter:card\" content=\"summary_large_image\" \/>\n<meta name=\"twitter:label1\" content=\"Gesch\u00e4tzte Lesezeit\" \/>\n\t<meta name=\"twitter:data1\" content=\"3\u00a0Minuten\" \/>\n<script type=\"application\/ld+json\" class=\"yoast-schema-graph\">{\"@context\":\"https:\/\/schema.org\",\"@graph\":[{\"@type\":\"WebPage\",\"@id\":\"https:\/\/holzskulptur.net\/?page_id=692\",\"url\":\"https:\/\/holzskulptur.net\/?page_id=692\",\"name\":\"\u00fcber mich &#8211; Holzskulpturen von Waltraud Schroll\",\"isPartOf\":{\"@id\":\"https:\/\/holzskulptur.net\/#website\"},\"primaryImageOfPage\":{\"@id\":\"https:\/\/holzskulptur.net\/?page_id=692#primaryimage\"},\"image\":{\"@id\":\"https:\/\/holzskulptur.net\/?page_id=692#primaryimage\"},\"thumbnailUrl\":\"https:\/\/holzskulptur.net\/wp-content\/uploads\/2024\/08\/Waltraud-Schroll_2-scaled.jpg\",\"datePublished\":\"2018-09-21T08:17:04+00:00\",\"dateModified\":\"2025-12-05T10:10:04+00:00\",\"description\":\"Waltraud Schroll erstellt Holzskulpturen aus heimschen H\u00f6lzern wie Eiche, Buche und auch Obsth\u00f6lzern. Ihre Motive sind Paare, Pflanzen und Figuren, abstrakte Skulpturen und Engel.\",\"breadcrumb\":{\"@id\":\"https:\/\/holzskulptur.net\/?page_id=692#breadcrumb\"},\"inLanguage\":\"de\",\"potentialAction\":[{\"@type\":\"ReadAction\",\"target\":[\"https:\/\/holzskulptur.net\/?page_id=692\"]}]},{\"@type\":\"ImageObject\",\"inLanguage\":\"de\",\"@id\":\"https:\/\/holzskulptur.net\/?page_id=692#primaryimage\",\"url\":\"https:\/\/holzskulptur.net\/wp-content\/uploads\/2024\/08\/Waltraud-Schroll_2-scaled.jpg\",\"contentUrl\":\"https:\/\/holzskulptur.net\/wp-content\/uploads\/2024\/08\/Waltraud-Schroll_2-scaled.jpg\",\"width\":2560,\"height\":1220},{\"@type\":\"BreadcrumbList\",\"@id\":\"https:\/\/holzskulptur.net\/?page_id=692#breadcrumb\",\"itemListElement\":[{\"@type\":\"ListItem\",\"position\":1,\"name\":\"Startseite\",\"item\":\"https:\/\/holzskulptur.net\/\"},{\"@type\":\"ListItem\",\"position\":2,\"name\":\"\u00fcber mich\"}]},{\"@type\":\"WebSite\",\"@id\":\"https:\/\/holzskulptur.net\/#website\",\"url\":\"https:\/\/holzskulptur.net\/\",\"name\":\"Holzskulpturen von Waltraud Schroll\",\"description\":\"Holzskulpturen \",\"publisher\":{\"@id\":\"https:\/\/holzskulptur.net\/#\/schema\/person\/bed0e024005037ac4a46115e95fc22e0\"},\"potentialAction\":[{\"@type\":\"SearchAction\",\"target\":{\"@type\":\"EntryPoint\",\"urlTemplate\":\"https:\/\/holzskulptur.net\/?s={search_term_string}\"},\"query-input\":{\"@type\":\"PropertyValueSpecification\",\"valueRequired\":true,\"valueName\":\"search_term_string\"}}],\"inLanguage\":\"de\"},{\"@type\":[\"Person\",\"Organization\"],\"@id\":\"https:\/\/holzskulptur.net\/#\/schema\/person\/bed0e024005037ac4a46115e95fc22e0\",\"name\":\"waltraud\",\"image\":{\"@type\":\"ImageObject\",\"inLanguage\":\"de\",\"@id\":\"https:\/\/holzskulptur.net\/#\/schema\/person\/image\/\",\"url\":\"https:\/\/secure.gravatar.com\/avatar\/cad87b288d4598c3ae43bdb381be610b2810f3ccb32736a6b9f22de10ae6384a?s=96&d=mm&r=g\",\"contentUrl\":\"https:\/\/secure.gravatar.com\/avatar\/cad87b288d4598c3ae43bdb381be610b2810f3ccb32736a6b9f22de10ae6384a?s=96&d=mm&r=g\",\"caption\":\"waltraud\"},\"logo\":{\"@id\":\"https:\/\/holzskulptur.net\/#\/schema\/person\/image\/\"}}]}<\/script>\n<!-- \/ Yoast SEO plugin. -->","yoast_head_json":{"title":"\u00fcber mich &#8211; Holzskulpturen von Waltraud Schroll","description":"Waltraud Schroll erstellt Holzskulpturen aus heimschen H\u00f6lzern wie Eiche, Buche und auch Obsth\u00f6lzern. Ihre Motive sind Paare, Pflanzen und Figuren, abstrakte Skulpturen und Engel.","robots":{"index":"index","follow":"follow","max-snippet":"max-snippet:-1","max-image-preview":"max-image-preview:large","max-video-preview":"max-video-preview:-1"},"canonical":"https:\/\/holzskulptur.net\/?page_id=692","og_locale":"de_DE","og_type":"article","og_title":"\u00fcber mich &#8211; Holzskulpturen von Waltraud Schroll","og_description":"Waltraud Schroll erstellt Holzskulpturen aus heimschen H\u00f6lzern wie Eiche, Buche und auch Obsth\u00f6lzern. Ihre Motive sind Paare, Pflanzen und Figuren, abstrakte Skulpturen und Engel.","og_url":"https:\/\/holzskulptur.net\/?page_id=692","og_site_name":"Holzskulpturen von Waltraud Schroll","article_modified_time":"2025-12-05T10:10:04+00:00","og_image":[{"width":2560,"height":1220,"url":"http:\/\/holzskulptur.net\/wp-content\/uploads\/2024\/08\/Waltraud-Schroll_2-scaled.jpg","type":"image\/jpeg"}],"twitter_card":"summary_large_image","twitter_misc":{"Gesch\u00e4tzte Lesezeit":"3\u00a0Minuten"},"schema":{"@context":"https:\/\/schema.org","@graph":[{"@type":"WebPage","@id":"https:\/\/holzskulptur.net\/?page_id=692","url":"https:\/\/holzskulptur.net\/?page_id=692","name":"\u00fcber mich &#8211; Holzskulpturen von Waltraud Schroll","isPartOf":{"@id":"https:\/\/holzskulptur.net\/#website"},"primaryImageOfPage":{"@id":"https:\/\/holzskulptur.net\/?page_id=692#primaryimage"},"image":{"@id":"https:\/\/holzskulptur.net\/?page_id=692#primaryimage"},"thumbnailUrl":"https:\/\/holzskulptur.net\/wp-content\/uploads\/2024\/08\/Waltraud-Schroll_2-scaled.jpg","datePublished":"2018-09-21T08:17:04+00:00","dateModified":"2025-12-05T10:10:04+00:00","description":"Waltraud Schroll erstellt Holzskulpturen aus heimschen H\u00f6lzern wie Eiche, Buche und auch Obsth\u00f6lzern. Ihre Motive sind Paare, Pflanzen und Figuren, abstrakte Skulpturen und Engel.","breadcrumb":{"@id":"https:\/\/holzskulptur.net\/?page_id=692#breadcrumb"},"inLanguage":"de","potentialAction":[{"@type":"ReadAction","target":["https:\/\/holzskulptur.net\/?page_id=692"]}]},{"@type":"ImageObject","inLanguage":"de","@id":"https:\/\/holzskulptur.net\/?page_id=692#primaryimage","url":"https:\/\/holzskulptur.net\/wp-content\/uploads\/2024\/08\/Waltraud-Schroll_2-scaled.jpg","contentUrl":"https:\/\/holzskulptur.net\/wp-content\/uploads\/2024\/08\/Waltraud-Schroll_2-scaled.jpg","width":2560,"height":1220},{"@type":"BreadcrumbList","@id":"https:\/\/holzskulptur.net\/?page_id=692#breadcrumb","itemListElement":[{"@type":"ListItem","position":1,"name":"Startseite","item":"https:\/\/holzskulptur.net\/"},{"@type":"ListItem","position":2,"name":"\u00fcber mich"}]},{"@type":"WebSite","@id":"https:\/\/holzskulptur.net\/#website","url":"https:\/\/holzskulptur.net\/","name":"Holzskulpturen von Waltraud Schroll","description":"Holzskulpturen ","publisher":{"@id":"https:\/\/holzskulptur.net\/#\/schema\/person\/bed0e024005037ac4a46115e95fc22e0"},"potentialAction":[{"@type":"SearchAction","target":{"@type":"EntryPoint","urlTemplate":"https:\/\/holzskulptur.net\/?s={search_term_string}"},"query-input":{"@type":"PropertyValueSpecification","valueRequired":true,"valueName":"search_term_string"}}],"inLanguage":"de"},{"@type":["Person","Organization"],"@id":"https:\/\/holzskulptur.net\/#\/schema\/person\/bed0e024005037ac4a46115e95fc22e0","name":"waltraud","image":{"@type":"ImageObject","inLanguage":"de","@id":"https:\/\/holzskulptur.net\/#\/schema\/person\/image\/","url":"https:\/\/secure.gravatar.com\/avatar\/cad87b288d4598c3ae43bdb381be610b2810f3ccb32736a6b9f22de10ae6384a?s=96&d=mm&r=g","contentUrl":"https:\/\/secure.gravatar.com\/avatar\/cad87b288d4598c3ae43bdb381be610b2810f3ccb32736a6b9f22de10ae6384a?s=96&d=mm&r=g","caption":"waltraud"},"logo":{"@id":"https:\/\/holzskulptur.net\/#\/schema\/person\/image\/"}}]}},"_links":{"self":[{"href":"https:\/\/holzskulptur.net\/index.php?rest_route=\/wp\/v2\/pages\/692","targetHints":{"allow":["GET"]}}],"collection":[{"href":"https:\/\/holzskulptur.net\/index.php?rest_route=\/wp\/v2\/pages"}],"about":[{"href":"https:\/\/holzskulptur.net\/index.php?rest_route=\/wp\/v2\/types\/page"}],"author":[{"embeddable":true,"href":"https:\/\/holzskulptur.net\/index.php?rest_route=\/wp\/v2\/users\/1"}],"replies":[{"embeddable":true,"href":"https:\/\/holzskulptur.net\/index.php?rest_route=%2Fwp%2Fv2%2Fcomments&post=692"}],"version-history":[{"count":7,"href":"https:\/\/holzskulptur.net\/index.php?rest_route=\/wp\/v2\/pages\/692\/revisions"}],"predecessor-version":[{"id":2398,"href":"https:\/\/holzskulptur.net\/index.php?rest_route=\/wp\/v2\/pages\/692\/revisions\/2398"}],"wp:featuredmedia":[{"embeddable":true,"href":"https:\/\/holzskulptur.net\/index.php?rest_route=\/wp\/v2\/media\/2322"}],"wp:attachment":[{"href":"https:\/\/holzskulptur.net\/index.php?rest_route=%2Fwp%2Fv2%2Fmedia&parent=692"}],"curies":[{"name":"wp","href":"https:\/\/api.w.org\/{rel}","templated":true}]}}